{"id":501,"date":"2025-06-15T06:55:23","date_gmt":"2025-06-15T04:55:23","guid":{"rendered":"https:\/\/www.sportswearhubs.com\/?product=unico-versatil-steve-nash-dallas-mavericks-1998-99-hardwood-classics-swingman-jersey-blue"},"modified":"2025-06-15T06:58:13","modified_gmt":"2025-06-15T04:58:13","slug":"unico-versatil-steve-nash-dallas-mavericks-1998-99-hardwood-classics-swingman-jersey-blue","status":"publish","type":"product","link":"https:\/\/www.sportswearhubs.com\/?product=unico-versatil-steve-nash-dallas-mavericks-1998-99-hardwood-classics-swingman-jersey-blue","title":{"rendered":"\u00danico Vers\u00e1til Steve Nash Dallas Mavericks 1998\/99 Hardwood Classics Swingman Jersey Blue"},"content":{"rendered":"<p>Atractivo Perfecto Steve Nash Dallas Mavericks 1998\/99 Hardwood Classics Swingman Jersey Blue  para la gran final<\/p>\n<p>Descubre la camiseta perfecta para demostrar tu pasi\u00f3n. \u00danico Vers\u00e1til Steve Nash Dallas Mavericks 1998\/99 Hardwood Classics Swingman Jersey Blue. \u00a1No te la pierdas!<\/p>\n","protected":false},"excerpt":{"rendered":"<p>Atractivo Perfecto Steve Nash Dallas Mavericks 1998\/99 Hardwood Classics Swingman Jersey Blue para la gran final Descubre la camiseta perfecta para demostrar tu pasi\u00f3n. \u00danico Vers\u00e1til Steve Nash Dallas Mavericks 1998\/99 Hardwood Classics Swingman Jersey Blue. \u00a1No te la pierdas!<\/p>\n","protected":false},"featured_media":508,"comment_status":"open","ping_status":"open","template":"","meta":[],"product_brand":[],"product_cat":[84,85],"product_tag":[78],"class_list":{"0":"post-501","1":"product","2":"type-product","3":"status-publish","4":"has-post-thumbnail","6":"product_cat-dallas-mavericks","7":"product_cat-jersey-dallas-mavericks","8":"product_tag-jersey","9":"pa_size-2xl","10":"pa_size-3xl","11":"pa_size-l","12":"pa_size-m","13":"pa_size-s","14":"pa_size-xl","16":"first","17":"instock","18":"sale","19":"purchasable","20":"product-type-variable"},"yoast_head":"<!-- This site is optimized with the Yoast SEO Premium plugin v25.0 (Yoast SEO v27.3) - https:\/\/yoast.com\/product\/yoast-seo-premium-wordpress\/ -->\n<title>Atractivo Perfecto Steve Nash Dallas Mavericks 1998\/99 Hardwood Classics Swingman Jersey Blue para la gran final<\/title>\n<meta name=\"description\" content=\"Descubre la camiseta perfecta para demostrar tu pasi\u00f3n. \u00danico Vers\u00e1til Steve Nash Dallas Mavericks 1998\/99 Hardwood Classics Swingman Jersey Blue. \u00a1No te la pierdas!\" \/>\n<meta name=\"robots\" content=\"index, follow, max-snippet:-1, max-image-preview:large, max-video-preview:-1\" \/>\n<link rel=\"canonical\" href=\"https:\/\/www.sportswearhubs.com\/?product=unico-versatil-steve-nash-dallas-mavericks-1998-99-hardwood-classics-swingman-jersey-blue\" \/>\n<meta property=\"og:locale\" content=\"es_ES\" \/>\n<meta property=\"og:type\" content=\"article\" \/>\n<meta property=\"og:title\" content=\"\u00danico Vers\u00e1til Steve Nash Dallas Mavericks 1998\/99 Hardwood Classics Swingman Jersey Blue\" \/>\n<meta property=\"og:description\" content=\"Descubre la camiseta perfecta para demostrar tu pasi\u00f3n. \u00danico Vers\u00e1til Steve Nash Dallas Mavericks 1998\/99 Hardwood Classics Swingman Jersey Blue. \u00a1No te la pierdas!\" \/>\n<meta property=\"og:url\" content=\"https:\/\/www.sportswearhubs.com\/?product=unico-versatil-steve-nash-dallas-mavericks-1998-99-hardwood-classics-swingman-jersey-blue\" \/>\n<meta property=\"og:site_name\" content=\"camiseta barata de la NBA - Tienda online\" \/>\n<meta property=\"article:modified_time\" content=\"2025-06-15T04:58:13+00:00\" \/>\n<meta property=\"og:image\" content=\"https:\/\/www.sportswearhubs.com\/wp-content\/uploads\/2025\/06\/Unico-Versatil-Steve-Nash-Dallas-Mavericks-199899-Hardwood-Classics-Swingman-Jersey-Blue.jpeg\" \/>\n\t<meta property=\"og:image:width\" content=\"600\" \/>\n\t<meta property=\"og:image:height\" content=\"600\" \/>\n\t<meta property=\"og:image:type\" content=\"image\/webp\" \/>\n<meta name=\"twitter:card\" content=\"summary_large_image\" \/>\n<meta name=\"twitter:title\" content=\"Atractivo Perfecto Steve Nash Dallas Mavericks 1998\/99 Hardwood Classics Swingman Jersey Blue para la gran final\" \/>\n<meta name=\"twitter:description\" content=\"Descubre la camiseta perfecta para demostrar tu pasi\u00f3n. \u00danico Vers\u00e1til Steve Nash Dallas Mavericks 1998\/99 Hardwood Classics Swingman Jersey Blue. \u00a1No te la pierdas!\" \/>\n<script type=\"application\/ld+json\" class=\"yoast-schema-graph\">{\"@context\":\"https:\\\/\\\/schema.org\",\"@graph\":[{\"@type\":\"WebPage\",\"@id\":\"https:\\\/\\\/www.sportswearhubs.com\\\/?product=unico-versatil-steve-nash-dallas-mavericks-1998-99-hardwood-classics-swingman-jersey-blue\",\"url\":\"https:\\\/\\\/www.sportswearhubs.com\\\/?product=unico-versatil-steve-nash-dallas-mavericks-1998-99-hardwood-classics-swingman-jersey-blue\",\"name\":\"Atractivo Perfecto Steve Nash Dallas Mavericks 1998\\\/99 Hardwood Classics Swingman Jersey Blue para la gran final\",\"isPartOf\":{\"@id\":\"https:\\\/\\\/www.sportswearhubs.com\\\/#website\"},\"primaryImageOfPage\":{\"@id\":\"https:\\\/\\\/www.sportswearhubs.com\\\/?product=unico-versatil-steve-nash-dallas-mavericks-1998-99-hardwood-classics-swingman-jersey-blue#primaryimage\"},\"image\":{\"@id\":\"https:\\\/\\\/www.sportswearhubs.com\\\/?product=unico-versatil-steve-nash-dallas-mavericks-1998-99-hardwood-classics-swingman-jersey-blue#primaryimage\"},\"thumbnailUrl\":\"https:\\\/\\\/www.sportswearhubs.com\\\/wp-content\\\/uploads\\\/2025\\\/06\\\/Unico-Versatil-Steve-Nash-Dallas-Mavericks-199899-Hardwood-Classics-Swingman-Jersey-Blue.jpeg\",\"datePublished\":\"2025-06-15T04:55:23+00:00\",\"dateModified\":\"2025-06-15T04:58:13+00:00\",\"description\":\"Descubre la camiseta perfecta para demostrar tu pasi\u00f3n. \u00danico Vers\u00e1til Steve Nash Dallas Mavericks 1998\\\/99 Hardwood Classics Swingman Jersey Blue. \u00a1No te la pierdas!\",\"breadcrumb\":{\"@id\":\"https:\\\/\\\/www.sportswearhubs.com\\\/?product=unico-versatil-steve-nash-dallas-mavericks-1998-99-hardwood-classics-swingman-jersey-blue#breadcrumb\"},\"inLanguage\":\"es\",\"potentialAction\":[{\"@type\":\"ReadAction\",\"target\":[\"https:\\\/\\\/www.sportswearhubs.com\\\/?product=unico-versatil-steve-nash-dallas-mavericks-1998-99-hardwood-classics-swingman-jersey-blue\"]}]},{\"@type\":\"ImageObject\",\"inLanguage\":\"es\",\"@id\":\"https:\\\/\\\/www.sportswearhubs.com\\\/?product=unico-versatil-steve-nash-dallas-mavericks-1998-99-hardwood-classics-swingman-jersey-blue#primaryimage\",\"url\":\"https:\\\/\\\/www.sportswearhubs.com\\\/wp-content\\\/uploads\\\/2025\\\/06\\\/Unico-Versatil-Steve-Nash-Dallas-Mavericks-199899-Hardwood-Classics-Swingman-Jersey-Blue.jpeg\",\"contentUrl\":\"https:\\\/\\\/www.sportswearhubs.com\\\/wp-content\\\/uploads\\\/2025\\\/06\\\/Unico-Versatil-Steve-Nash-Dallas-Mavericks-199899-Hardwood-Classics-Swingman-Jersey-Blue.jpeg\",\"width\":600,\"height\":600,\"caption\":\"Atractivo Perfecto Steve Nash Dallas Mavericks 1998\\\/99 Hardwood Classics Swingman Jersey Blue para la gran final\"},{\"@type\":\"BreadcrumbList\",\"@id\":\"https:\\\/\\\/www.sportswearhubs.com\\\/?product=unico-versatil-steve-nash-dallas-mavericks-1998-99-hardwood-classics-swingman-jersey-blue#breadcrumb\",\"itemListElement\":[{\"@type\":\"ListItem\",\"position\":1,\"name\":\"home\",\"item\":\"https:\\\/\\\/www.sportswearhubs.com\\\/\"},{\"@type\":\"ListItem\",\"position\":2,\"name\":\"Shop\",\"item\":\"https:\\\/\\\/www.sportswearhubs.com\\\/?page_id=10\"},{\"@type\":\"ListItem\",\"position\":3,\"name\":\"\u00danico Vers\u00e1til Steve Nash Dallas Mavericks 1998\\\/99 Hardwood Classics Swingman Jersey Blue\"}]},{\"@type\":\"WebSite\",\"@id\":\"https:\\\/\\\/www.sportswearhubs.com\\\/#website\",\"url\":\"https:\\\/\\\/www.sportswearhubs.com\\\/\",\"name\":\"Cheap jersey - Online Shop\",\"description\":\"camiseta barata de la NBA\",\"potentialAction\":[{\"@type\":\"SearchAction\",\"target\":{\"@type\":\"EntryPoint\",\"urlTemplate\":\"https:\\\/\\\/www.sportswearhubs.com\\\/?s={search_term_string}\"},\"query-input\":{\"@type\":\"PropertyValueSpecification\",\"valueRequired\":true,\"valueName\":\"search_term_string\"}}],\"inLanguage\":\"es\"}]}<\/script>\n<!-- \/ Yoast SEO Premium plugin. -->","yoast_head_json":{"title":"Atractivo Perfecto Steve Nash Dallas Mavericks 1998\/99 Hardwood Classics Swingman Jersey Blue para la gran final","description":"Descubre la camiseta perfecta para demostrar tu pasi\u00f3n. \u00danico Vers\u00e1til Steve Nash Dallas Mavericks 1998\/99 Hardwood Classics Swingman Jersey Blue. \u00a1No te la pierdas!","robots":{"index":"index","follow":"follow","max-snippet":"max-snippet:-1","max-image-preview":"max-image-preview:large","max-video-preview":"max-video-preview:-1"},"canonical":"https:\/\/www.sportswearhubs.com\/?product=unico-versatil-steve-nash-dallas-mavericks-1998-99-hardwood-classics-swingman-jersey-blue","og_locale":"es_ES","og_type":"article","og_title":"\u00danico Vers\u00e1til Steve Nash Dallas Mavericks 1998\/99 Hardwood Classics Swingman Jersey Blue","og_description":"Descubre la camiseta perfecta para demostrar tu pasi\u00f3n. \u00danico Vers\u00e1til Steve Nash Dallas Mavericks 1998\/99 Hardwood Classics Swingman Jersey Blue. \u00a1No te la pierdas!","og_url":"https:\/\/www.sportswearhubs.com\/?product=unico-versatil-steve-nash-dallas-mavericks-1998-99-hardwood-classics-swingman-jersey-blue","og_site_name":"camiseta barata de la NBA - Tienda online","article_modified_time":"2025-06-15T04:58:13+00:00","og_image":[{"width":600,"height":600,"url":"https:\/\/www.sportswearhubs.com\/wp-content\/uploads\/2025\/06\/Unico-Versatil-Steve-Nash-Dallas-Mavericks-199899-Hardwood-Classics-Swingman-Jersey-Blue.jpeg","type":"image\/webp"}],"twitter_card":"summary_large_image","twitter_title":"Atractivo Perfecto Steve Nash Dallas Mavericks 1998\/99 Hardwood Classics Swingman Jersey Blue para la gran final","twitter_description":"Descubre la camiseta perfecta para demostrar tu pasi\u00f3n. \u00danico Vers\u00e1til Steve Nash Dallas Mavericks 1998\/99 Hardwood Classics Swingman Jersey Blue. \u00a1No te la pierdas!","schema":{"@context":"https:\/\/schema.org","@graph":[{"@type":"WebPage","@id":"https:\/\/www.sportswearhubs.com\/?product=unico-versatil-steve-nash-dallas-mavericks-1998-99-hardwood-classics-swingman-jersey-blue","url":"https:\/\/www.sportswearhubs.com\/?product=unico-versatil-steve-nash-dallas-mavericks-1998-99-hardwood-classics-swingman-jersey-blue","name":"Atractivo Perfecto Steve Nash Dallas Mavericks 1998\/99 Hardwood Classics Swingman Jersey Blue para la gran final","isPartOf":{"@id":"https:\/\/www.sportswearhubs.com\/#website"},"primaryImageOfPage":{"@id":"https:\/\/www.sportswearhubs.com\/?product=unico-versatil-steve-nash-dallas-mavericks-1998-99-hardwood-classics-swingman-jersey-blue#primaryimage"},"image":{"@id":"https:\/\/www.sportswearhubs.com\/?product=unico-versatil-steve-nash-dallas-mavericks-1998-99-hardwood-classics-swingman-jersey-blue#primaryimage"},"thumbnailUrl":"https:\/\/www.sportswearhubs.com\/wp-content\/uploads\/2025\/06\/Unico-Versatil-Steve-Nash-Dallas-Mavericks-199899-Hardwood-Classics-Swingman-Jersey-Blue.jpeg","datePublished":"2025-06-15T04:55:23+00:00","dateModified":"2025-06-15T04:58:13+00:00","description":"Descubre la camiseta perfecta para demostrar tu pasi\u00f3n. \u00danico Vers\u00e1til Steve Nash Dallas Mavericks 1998\/99 Hardwood Classics Swingman Jersey Blue. \u00a1No te la pierdas!","breadcrumb":{"@id":"https:\/\/www.sportswearhubs.com\/?product=unico-versatil-steve-nash-dallas-mavericks-1998-99-hardwood-classics-swingman-jersey-blue#breadcrumb"},"inLanguage":"es","potentialAction":[{"@type":"ReadAction","target":["https:\/\/www.sportswearhubs.com\/?product=unico-versatil-steve-nash-dallas-mavericks-1998-99-hardwood-classics-swingman-jersey-blue"]}]},{"@type":"ImageObject","inLanguage":"es","@id":"https:\/\/www.sportswearhubs.com\/?product=unico-versatil-steve-nash-dallas-mavericks-1998-99-hardwood-classics-swingman-jersey-blue#primaryimage","url":"https:\/\/www.sportswearhubs.com\/wp-content\/uploads\/2025\/06\/Unico-Versatil-Steve-Nash-Dallas-Mavericks-199899-Hardwood-Classics-Swingman-Jersey-Blue.jpeg","contentUrl":"https:\/\/www.sportswearhubs.com\/wp-content\/uploads\/2025\/06\/Unico-Versatil-Steve-Nash-Dallas-Mavericks-199899-Hardwood-Classics-Swingman-Jersey-Blue.jpeg","width":600,"height":600,"caption":"Atractivo Perfecto Steve Nash Dallas Mavericks 1998\/99 Hardwood Classics Swingman Jersey Blue para la gran final"},{"@type":"BreadcrumbList","@id":"https:\/\/www.sportswearhubs.com\/?product=unico-versatil-steve-nash-dallas-mavericks-1998-99-hardwood-classics-swingman-jersey-blue#breadcrumb","itemListElement":[{"@type":"ListItem","position":1,"name":"home","item":"https:\/\/www.sportswearhubs.com\/"},{"@type":"ListItem","position":2,"name":"Shop","item":"https:\/\/www.sportswearhubs.com\/?page_id=10"},{"@type":"ListItem","position":3,"name":"\u00danico Vers\u00e1til Steve Nash Dallas Mavericks 1998\/99 Hardwood Classics Swingman Jersey Blue"}]},{"@type":"WebSite","@id":"https:\/\/www.sportswearhubs.com\/#website","url":"https:\/\/www.sportswearhubs.com\/","name":"Cheap jersey - Online Shop","description":"camiseta barata de la NBA","potentialAction":[{"@type":"SearchAction","target":{"@type":"EntryPoint","urlTemplate":"https:\/\/www.sportswearhubs.com\/?s={search_term_string}"},"query-input":{"@type":"PropertyValueSpecification","valueRequired":true,"valueName":"search_term_string"}}],"inLanguage":"es"}]}},"_links":{"self":[{"href":"https:\/\/www.sportswearhubs.com\/index.php?rest_route=\/wp\/v2\/product\/501","targetHints":{"allow":["GET"]}}],"collection":[{"href":"https:\/\/www.sportswearhubs.com\/index.php?rest_route=\/wp\/v2\/product"}],"about":[{"href":"https:\/\/www.sportswearhubs.com\/index.php?rest_route=\/wp\/v2\/types\/product"}],"replies":[{"embeddable":true,"href":"https:\/\/www.sportswearhubs.com\/index.php?rest_route=%2Fwp%2Fv2%2Fcomments&post=501"}],"wp:featuredmedia":[{"embeddable":true,"href":"https:\/\/www.sportswearhubs.com\/index.php?rest_route=\/wp\/v2\/media\/508"}],"wp:attachment":[{"href":"https:\/\/www.sportswearhubs.com\/index.php?rest_route=%2Fwp%2Fv2%2Fmedia&parent=501"}],"wp:term":[{"taxonomy":"product_brand","embeddable":true,"href":"https:\/\/www.sportswearhubs.com\/index.php?rest_route=%2Fwp%2Fv2%2Fproduct_brand&post=501"},{"taxonomy":"product_cat","embeddable":true,"href":"https:\/\/www.sportswearhubs.com\/index.php?rest_route=%2Fwp%2Fv2%2Fproduct_cat&post=501"},{"taxonomy":"product_tag","embeddable":true,"href":"https:\/\/www.sportswearhubs.com\/index.php?rest_route=%2Fwp%2Fv2%2Fproduct_tag&post=501"}],"curies":[{"name":"wp","href":"https:\/\/api.w.org\/{rel}","templated":true}]}}