{"id":6560,"date":"2025-06-15T10:11:32","date_gmt":"2025-06-15T08:11:32","guid":{"rendered":"https:\/\/www.sportswearhubs.com\/?product=increible-indiana-pacers-nike-swingman-custom-jersey-navy-icon-edition"},"modified":"2025-06-15T10:17:16","modified_gmt":"2025-06-15T08:17:16","slug":"increible-indiana-pacers-nike-swingman-custom-jersey-navy-icon-edition","status":"publish","type":"product","link":"https:\/\/www.sportswearhubs.com\/?product=increible-indiana-pacers-nike-swingman-custom-jersey-navy-icon-edition","title":{"rendered":"Incre\u00edble Indiana Pacers Nike Swingman Custom Jersey Navy Icon Edition"},"content":{"rendered":"<p>Magn\u00edfico Duradero Indiana Pacers Nike Swingman Custom Jersey Navy Icon Edition  para la gran final<\/p>\n<p>Consigue la camiseta que har\u00e1 que te destaque. Incre\u00edble Indiana Pacers Nike Swingman Custom Jersey Navy Icon Edition. \u00a1No te la pierdas!<\/p>\n","protected":false},"excerpt":{"rendered":"<p>Magn\u00edfico Duradero Indiana Pacers Nike Swingman Custom Jersey Navy Icon Edition para la gran final Consigue la camiseta que har\u00e1 que te destaque. Incre\u00edble Indiana Pacers Nike Swingman Custom Jersey Navy Icon Edition. \u00a1No te la pierdas!<\/p>\n","protected":false},"featured_media":6567,"comment_status":"open","ping_status":"open","template":"","meta":[],"product_brand":[],"product_cat":[95,181],"product_tag":[78],"class_list":{"0":"post-6560","1":"product","2":"type-product","3":"status-publish","4":"has-post-thumbnail","6":"product_cat-indiana-pacers","7":"product_cat-jersey-indiana-pacers","8":"product_tag-jersey","9":"pa_size-2xl","10":"pa_size-3xl","11":"pa_size-l","12":"pa_size-m","13":"pa_size-s","14":"pa_size-xl","16":"first","17":"instock","18":"sale","19":"purchasable","20":"product-type-variable"},"yoast_head":"<!-- This site is optimized with the Yoast SEO Premium plugin v25.0 (Yoast SEO v27.4) - https:\/\/yoast.com\/product\/yoast-seo-premium-wordpress\/ -->\n<title>Magn\u00edfico Duradero Indiana Pacers Nike Swingman Custom Jersey Navy Icon Edition para la gran final<\/title>\n<meta name=\"description\" content=\"Consigue la camiseta que har\u00e1 que te destaque. Incre\u00edble Indiana Pacers Nike Swingman Custom Jersey Navy Icon Edition. \u00a1No te la pierdas!\" \/>\n<meta name=\"robots\" content=\"index, follow, max-snippet:-1, max-image-preview:large, max-video-preview:-1\" \/>\n<link rel=\"canonical\" href=\"https:\/\/www.sportswearhubs.com\/?product=increible-indiana-pacers-nike-swingman-custom-jersey-navy-icon-edition\" \/>\n<meta property=\"og:locale\" content=\"es_ES\" \/>\n<meta property=\"og:type\" content=\"article\" \/>\n<meta property=\"og:title\" content=\"Incre\u00edble Indiana Pacers Nike Swingman Custom Jersey Navy Icon Edition\" \/>\n<meta property=\"og:description\" content=\"Consigue la camiseta que har\u00e1 que te destaque. Incre\u00edble Indiana Pacers Nike Swingman Custom Jersey Navy Icon Edition. \u00a1No te la pierdas!\" \/>\n<meta property=\"og:url\" content=\"https:\/\/www.sportswearhubs.com\/?product=increible-indiana-pacers-nike-swingman-custom-jersey-navy-icon-edition\" \/>\n<meta property=\"og:site_name\" content=\"camiseta barata de la NBA - Tienda online\" \/>\n<meta property=\"article:modified_time\" content=\"2025-06-15T08:17:16+00:00\" \/>\n<meta property=\"og:image\" content=\"https:\/\/www.sportswearhubs.com\/wp-content\/uploads\/2025\/06\/Increible-Indiana-Pacers-Nike-Swingman-Custom-Jersey-Navy-Icon-Edition.jpeg\" \/>\n\t<meta property=\"og:image:width\" content=\"600\" \/>\n\t<meta property=\"og:image:height\" content=\"600\" \/>\n\t<meta property=\"og:image:type\" content=\"image\/webp\" \/>\n<meta name=\"twitter:card\" content=\"summary_large_image\" \/>\n<meta name=\"twitter:title\" content=\"Magn\u00edfico Duradero Indiana Pacers Nike Swingman Custom Jersey Navy Icon Edition para la gran final\" \/>\n<meta name=\"twitter:description\" content=\"Consigue la camiseta que har\u00e1 que te destaque. Incre\u00edble Indiana Pacers Nike Swingman Custom Jersey Navy Icon Edition. \u00a1No te la pierdas!\" \/>\n<script type=\"application\/ld+json\" class=\"yoast-schema-graph\">{\"@context\":\"https:\\\/\\\/schema.org\",\"@graph\":[{\"@type\":\"WebPage\",\"@id\":\"https:\\\/\\\/www.sportswearhubs.com\\\/?product=increible-indiana-pacers-nike-swingman-custom-jersey-navy-icon-edition\",\"url\":\"https:\\\/\\\/www.sportswearhubs.com\\\/?product=increible-indiana-pacers-nike-swingman-custom-jersey-navy-icon-edition\",\"name\":\"Magn\u00edfico Duradero Indiana Pacers Nike Swingman Custom Jersey Navy Icon Edition para la gran final\",\"isPartOf\":{\"@id\":\"https:\\\/\\\/www.sportswearhubs.com\\\/#website\"},\"primaryImageOfPage\":{\"@id\":\"https:\\\/\\\/www.sportswearhubs.com\\\/?product=increible-indiana-pacers-nike-swingman-custom-jersey-navy-icon-edition#primaryimage\"},\"image\":{\"@id\":\"https:\\\/\\\/www.sportswearhubs.com\\\/?product=increible-indiana-pacers-nike-swingman-custom-jersey-navy-icon-edition#primaryimage\"},\"thumbnailUrl\":\"https:\\\/\\\/www.sportswearhubs.com\\\/wp-content\\\/uploads\\\/2025\\\/06\\\/Increible-Indiana-Pacers-Nike-Swingman-Custom-Jersey-Navy-Icon-Edition.jpeg\",\"datePublished\":\"2025-06-15T08:11:32+00:00\",\"dateModified\":\"2025-06-15T08:17:16+00:00\",\"description\":\"Consigue la camiseta que har\u00e1 que te destaque. Incre\u00edble Indiana Pacers Nike Swingman Custom Jersey Navy Icon Edition. \u00a1No te la pierdas!\",\"breadcrumb\":{\"@id\":\"https:\\\/\\\/www.sportswearhubs.com\\\/?product=increible-indiana-pacers-nike-swingman-custom-jersey-navy-icon-edition#breadcrumb\"},\"inLanguage\":\"es\",\"potentialAction\":[{\"@type\":\"ReadAction\",\"target\":[\"https:\\\/\\\/www.sportswearhubs.com\\\/?product=increible-indiana-pacers-nike-swingman-custom-jersey-navy-icon-edition\"]}]},{\"@type\":\"ImageObject\",\"inLanguage\":\"es\",\"@id\":\"https:\\\/\\\/www.sportswearhubs.com\\\/?product=increible-indiana-pacers-nike-swingman-custom-jersey-navy-icon-edition#primaryimage\",\"url\":\"https:\\\/\\\/www.sportswearhubs.com\\\/wp-content\\\/uploads\\\/2025\\\/06\\\/Increible-Indiana-Pacers-Nike-Swingman-Custom-Jersey-Navy-Icon-Edition.jpeg\",\"contentUrl\":\"https:\\\/\\\/www.sportswearhubs.com\\\/wp-content\\\/uploads\\\/2025\\\/06\\\/Increible-Indiana-Pacers-Nike-Swingman-Custom-Jersey-Navy-Icon-Edition.jpeg\",\"width\":600,\"height\":600,\"caption\":\"Magn\u00edfico Duradero Indiana Pacers Nike Swingman Custom Jersey Navy Icon Edition para la gran final\"},{\"@type\":\"BreadcrumbList\",\"@id\":\"https:\\\/\\\/www.sportswearhubs.com\\\/?product=increible-indiana-pacers-nike-swingman-custom-jersey-navy-icon-edition#breadcrumb\",\"itemListElement\":[{\"@type\":\"ListItem\",\"position\":1,\"name\":\"home\",\"item\":\"https:\\\/\\\/www.sportswearhubs.com\\\/\"},{\"@type\":\"ListItem\",\"position\":2,\"name\":\"Shop\",\"item\":\"https:\\\/\\\/www.sportswearhubs.com\\\/?page_id=10\"},{\"@type\":\"ListItem\",\"position\":3,\"name\":\"Incre\u00edble Indiana Pacers Nike Swingman Custom Jersey Navy Icon Edition\"}]},{\"@type\":\"WebSite\",\"@id\":\"https:\\\/\\\/www.sportswearhubs.com\\\/#website\",\"url\":\"https:\\\/\\\/www.sportswearhubs.com\\\/\",\"name\":\"Cheap jersey - Online Shop\",\"description\":\"camiseta barata de la NBA\",\"potentialAction\":[{\"@type\":\"SearchAction\",\"target\":{\"@type\":\"EntryPoint\",\"urlTemplate\":\"https:\\\/\\\/www.sportswearhubs.com\\\/?s={search_term_string}\"},\"query-input\":{\"@type\":\"PropertyValueSpecification\",\"valueRequired\":true,\"valueName\":\"search_term_string\"}}],\"inLanguage\":\"es\"}]}<\/script>\n<!-- \/ Yoast SEO Premium plugin. -->","yoast_head_json":{"title":"Magn\u00edfico Duradero Indiana Pacers Nike Swingman Custom Jersey Navy Icon Edition para la gran final","description":"Consigue la camiseta que har\u00e1 que te destaque. Incre\u00edble Indiana Pacers Nike Swingman Custom Jersey Navy Icon Edition. \u00a1No te la pierdas!","robots":{"index":"index","follow":"follow","max-snippet":"max-snippet:-1","max-image-preview":"max-image-preview:large","max-video-preview":"max-video-preview:-1"},"canonical":"https:\/\/www.sportswearhubs.com\/?product=increible-indiana-pacers-nike-swingman-custom-jersey-navy-icon-edition","og_locale":"es_ES","og_type":"article","og_title":"Incre\u00edble Indiana Pacers Nike Swingman Custom Jersey Navy Icon Edition","og_description":"Consigue la camiseta que har\u00e1 que te destaque. Incre\u00edble Indiana Pacers Nike Swingman Custom Jersey Navy Icon Edition. \u00a1No te la pierdas!","og_url":"https:\/\/www.sportswearhubs.com\/?product=increible-indiana-pacers-nike-swingman-custom-jersey-navy-icon-edition","og_site_name":"camiseta barata de la NBA - Tienda online","article_modified_time":"2025-06-15T08:17:16+00:00","og_image":[{"width":600,"height":600,"url":"https:\/\/www.sportswearhubs.com\/wp-content\/uploads\/2025\/06\/Increible-Indiana-Pacers-Nike-Swingman-Custom-Jersey-Navy-Icon-Edition.jpeg","type":"image\/webp"}],"twitter_card":"summary_large_image","twitter_title":"Magn\u00edfico Duradero Indiana Pacers Nike Swingman Custom Jersey Navy Icon Edition para la gran final","twitter_description":"Consigue la camiseta que har\u00e1 que te destaque. Incre\u00edble Indiana Pacers Nike Swingman Custom Jersey Navy Icon Edition. \u00a1No te la pierdas!","schema":{"@context":"https:\/\/schema.org","@graph":[{"@type":"WebPage","@id":"https:\/\/www.sportswearhubs.com\/?product=increible-indiana-pacers-nike-swingman-custom-jersey-navy-icon-edition","url":"https:\/\/www.sportswearhubs.com\/?product=increible-indiana-pacers-nike-swingman-custom-jersey-navy-icon-edition","name":"Magn\u00edfico Duradero Indiana Pacers Nike Swingman Custom Jersey Navy Icon Edition para la gran final","isPartOf":{"@id":"https:\/\/www.sportswearhubs.com\/#website"},"primaryImageOfPage":{"@id":"https:\/\/www.sportswearhubs.com\/?product=increible-indiana-pacers-nike-swingman-custom-jersey-navy-icon-edition#primaryimage"},"image":{"@id":"https:\/\/www.sportswearhubs.com\/?product=increible-indiana-pacers-nike-swingman-custom-jersey-navy-icon-edition#primaryimage"},"thumbnailUrl":"https:\/\/www.sportswearhubs.com\/wp-content\/uploads\/2025\/06\/Increible-Indiana-Pacers-Nike-Swingman-Custom-Jersey-Navy-Icon-Edition.jpeg","datePublished":"2025-06-15T08:11:32+00:00","dateModified":"2025-06-15T08:17:16+00:00","description":"Consigue la camiseta que har\u00e1 que te destaque. Incre\u00edble Indiana Pacers Nike Swingman Custom Jersey Navy Icon Edition. \u00a1No te la pierdas!","breadcrumb":{"@id":"https:\/\/www.sportswearhubs.com\/?product=increible-indiana-pacers-nike-swingman-custom-jersey-navy-icon-edition#breadcrumb"},"inLanguage":"es","potentialAction":[{"@type":"ReadAction","target":["https:\/\/www.sportswearhubs.com\/?product=increible-indiana-pacers-nike-swingman-custom-jersey-navy-icon-edition"]}]},{"@type":"ImageObject","inLanguage":"es","@id":"https:\/\/www.sportswearhubs.com\/?product=increible-indiana-pacers-nike-swingman-custom-jersey-navy-icon-edition#primaryimage","url":"https:\/\/www.sportswearhubs.com\/wp-content\/uploads\/2025\/06\/Increible-Indiana-Pacers-Nike-Swingman-Custom-Jersey-Navy-Icon-Edition.jpeg","contentUrl":"https:\/\/www.sportswearhubs.com\/wp-content\/uploads\/2025\/06\/Increible-Indiana-Pacers-Nike-Swingman-Custom-Jersey-Navy-Icon-Edition.jpeg","width":600,"height":600,"caption":"Magn\u00edfico Duradero Indiana Pacers Nike Swingman Custom Jersey Navy Icon Edition para la gran final"},{"@type":"BreadcrumbList","@id":"https:\/\/www.sportswearhubs.com\/?product=increible-indiana-pacers-nike-swingman-custom-jersey-navy-icon-edition#breadcrumb","itemListElement":[{"@type":"ListItem","position":1,"name":"home","item":"https:\/\/www.sportswearhubs.com\/"},{"@type":"ListItem","position":2,"name":"Shop","item":"https:\/\/www.sportswearhubs.com\/?page_id=10"},{"@type":"ListItem","position":3,"name":"Incre\u00edble Indiana Pacers Nike Swingman Custom Jersey Navy Icon Edition"}]},{"@type":"WebSite","@id":"https:\/\/www.sportswearhubs.com\/#website","url":"https:\/\/www.sportswearhubs.com\/","name":"Cheap jersey - Online Shop","description":"camiseta barata de la NBA","potentialAction":[{"@type":"SearchAction","target":{"@type":"EntryPoint","urlTemplate":"https:\/\/www.sportswearhubs.com\/?s={search_term_string}"},"query-input":{"@type":"PropertyValueSpecification","valueRequired":true,"valueName":"search_term_string"}}],"inLanguage":"es"}]}},"_links":{"self":[{"href":"https:\/\/www.sportswearhubs.com\/index.php?rest_route=\/wp\/v2\/product\/6560","targetHints":{"allow":["GET"]}}],"collection":[{"href":"https:\/\/www.sportswearhubs.com\/index.php?rest_route=\/wp\/v2\/product"}],"about":[{"href":"https:\/\/www.sportswearhubs.com\/index.php?rest_route=\/wp\/v2\/types\/product"}],"replies":[{"embeddable":true,"href":"https:\/\/www.sportswearhubs.com\/index.php?rest_route=%2Fwp%2Fv2%2Fcomments&post=6560"}],"wp:featuredmedia":[{"embeddable":true,"href":"https:\/\/www.sportswearhubs.com\/index.php?rest_route=\/wp\/v2\/media\/6567"}],"wp:attachment":[{"href":"https:\/\/www.sportswearhubs.com\/index.php?rest_route=%2Fwp%2Fv2%2Fmedia&parent=6560"}],"wp:term":[{"taxonomy":"product_brand","embeddable":true,"href":"https:\/\/www.sportswearhubs.com\/index.php?rest_route=%2Fwp%2Fv2%2Fproduct_brand&post=6560"},{"taxonomy":"product_cat","embeddable":true,"href":"https:\/\/www.sportswearhubs.com\/index.php?rest_route=%2Fwp%2Fv2%2Fproduct_cat&post=6560"},{"taxonomy":"product_tag","embeddable":true,"href":"https:\/\/www.sportswearhubs.com\/index.php?rest_route=%2Fwp%2Fv2%2Fproduct_tag&post=6560"}],"curies":[{"name":"wp","href":"https:\/\/api.w.org\/{rel}","templated":true}]}}